{"id":100807,"date":"2020-05-10T15:40:58","date_gmt":"2020-05-10T13:40:58","guid":{"rendered":"https:\/\/www.sport4club.be\/?post_type=product&#038;p=100807"},"modified":"2026-01-27T09:44:57","modified_gmt":"2026-01-27T08:44:57","slug":"nox-padel-agustin-tapia-at10-xxl-competition","status":"publish","type":"product","link":"https:\/\/www.sport4club.be\/index.php\/product\/nox-padel-agustin-tapia-at10-xxl-competition\/","title":{"rendered":"Nox Padel Bag Agustin Tapia AT10 XXL Competition"},"content":{"rendered":"<div class=\"not-in-quickbuy\">\n<div class=\"product-description spaced-text-row rte cf\">\n<p>D\u00e9couvrez le nouveau support de padel COMPETITION AT10 XXL qui se distingue par sa grande taille et sa grande capacit\u00e9 de stockage. Con\u00e7u sp\u00e9cialement pour l&#8217;un des joueurs vedettes du Premier Padel : le Mozart de Catamarca, Agustin Tapia. Couleur noir\/rouge.<\/p>\n<p>&nbsp;<\/p>\n<p><strong>CARACT\u00c9RISTIQUES :<\/strong><\/p>\n<ul>\n<li>Compartiment principal avec ouverture lat\u00e9rale pouvant contenir 5 raquettes de padel, des v\u00eatements, etc.<\/li>\n<li>Compartiment ventil\u00e9 pour les chaussures \u00e0 l&#8217;int\u00e9rieur du compartiment principal.<\/li>\n<li>Compartiment thermique circulaire (technologie NOX ThermoTech) pour 4 balles ou bouteilles.<\/li>\n<li>Compartiment thermique (technologie NOX ThermoTech) d&#8217;une capacit\u00e9 de 3 battes de padel, bouteilles, etc.<\/li>\n<li>Compartiment lat\u00e9ral avec poches r\u00e9parties pour accessoires, t\u00e9l\u00e9phone portable, portefeuille, cl\u00e9s, etc. \/\/ &#8211; Compartiment lat\u00e9ral avec syst\u00e8me de ventilation \/\/ &#8211; Sac \u00e0 linge.<\/li>\n<li>Pochette au dos.<\/li>\n<li>Fonction sac \u00e0 dos avec poign\u00e9es amovibles.<\/li>\n<li>Poign\u00e9e principale ergonomique. Base rigide.<\/li>\n<\/ul>\n<p><strong>Dimensions :<\/strong>\u00a0700 x 300 x 450 mm<\/p>\n<p><strong>Capacit\u00e9 :<\/strong>\u00a090 litres<\/p>\n<\/div>\n<\/div>\n<div class=\"lightly-spaced-row not-in-quickbuy\">\n<div class=\"product-info-block with-icon\"><\/div>\n<\/div>\n","protected":false},"excerpt":{"rendered":"<p>D\u00e9couvrez le nouveau support de padel COMPETITION AT10 XXL qui se distingue par sa grande taille et sa grande capacit\u00e9 de stockage. Con\u00e7u sp\u00e9cialement pour l&#8217;un des joueurs vedettes du Premier Padel : le Mozart de Catamarca, Agustin Tapia. Couleur noir\/rouge. &nbsp; CARACT\u00c9RISTIQUES : Compartiment principal avec ouverture lat\u00e9rale pouvant contenir 5 raquettes de padel, [&hellip;]<\/p>\n","protected":false},"featured_media":114418,"comment_status":"closed","ping_status":"closed","template":"","meta":[],"product_cat":[786,89],"product_tag":[],"_links":{"self":[{"href":"https:\/\/www.sport4club.be\/index.php\/wp-json\/wp\/v2\/product\/100807"}],"collection":[{"href":"https:\/\/www.sport4club.be\/index.php\/wp-json\/wp\/v2\/product"}],"about":[{"href":"https:\/\/www.sport4club.be\/index.php\/wp-json\/wp\/v2\/types\/product"}],"replies":[{"embeddable":true,"href":"https:\/\/www.sport4club.be\/index.php\/wp-json\/wp\/v2\/comments?post=100807"}],"wp:featuredmedia":[{"embeddable":true,"href":"https:\/\/www.sport4club.be\/index.php\/wp-json\/wp\/v2\/media\/114418"}],"wp:attachment":[{"href":"https:\/\/www.sport4club.be\/index.php\/wp-json\/wp\/v2\/media?parent=100807"}],"wp:term":[{"taxonomy":"product_cat","embeddable":true,"href":"https:\/\/www.sport4club.be\/index.php\/wp-json\/wp\/v2\/product_cat?post=100807"},{"taxonomy":"product_tag","embeddable":true,"href":"https:\/\/www.sport4club.be\/index.php\/wp-json\/wp\/v2\/product_tag?post=100807"}],"curies":[{"name":"wp","href":"https:\/\/api.w.org\/{rel}","templated":true}]}}