{"id":100511,"date":"2020-04-30T12:07:44","date_gmt":"2020-04-30T10:07:44","guid":{"rendered":"https:\/\/www.sport4club.be\/?post_type=product&#038;p=100511"},"modified":"2021-01-13T14:07:46","modified_gmt":"2021-01-13T13:07:46","slug":"distributeur-mural","status":"publish","type":"product","link":"https:\/\/www.sport4club.be\/index.php\/product\/distributeur-mural\/","title":{"rendered":"Distributeur Mural + Flacon 1L Gel Hydroalcoolique"},"content":{"rendered":"<p>Distributeur \u00e0 fixer au mur.<br \/>\nHYGIENIQUE : d\u00e9tection automatique des mains.<br \/>\nR\u00e9servoir amovible de 1L rechargeable + Visualisation du niveau<br \/>\nFonctionne avec 4 piles LR14 (non fournies)<br \/>\nHauteur 29,5cm x Largeur 15,7cm x Profondeur 10,6cm<\/p>\n<p><strong>!! Gratuit : 1 Flacon 1L Gel Hydroalcoolique !!<\/strong><\/p>\n","protected":false},"excerpt":{"rendered":"<p>Distributeur \u00e0 fixer au mur. HYGIENIQUE : d\u00e9tection automatique des mains. R\u00e9servoir amovible de 1L rechargeable + Visualisation du niveau Fonctionne avec 4 piles LR14 (non fournies) Hauteur 29,5cm x Largeur 15,7cm x Profondeur 10,6cm !! Gratuit : 1 Flacon 1L Gel Hydroalcoolique !!<\/p>\n","protected":false},"featured_media":100621,"comment_status":"open","ping_status":"closed","template":"","meta":[],"product_cat":[504,786],"product_tag":[],"_links":{"self":[{"href":"https:\/\/www.sport4club.be\/index.php\/wp-json\/wp\/v2\/product\/100511"}],"collection":[{"href":"https:\/\/www.sport4club.be\/index.php\/wp-json\/wp\/v2\/product"}],"about":[{"href":"https:\/\/www.sport4club.be\/index.php\/wp-json\/wp\/v2\/types\/product"}],"replies":[{"embeddable":true,"href":"https:\/\/www.sport4club.be\/index.php\/wp-json\/wp\/v2\/comments?post=100511"}],"wp:featuredmedia":[{"embeddable":true,"href":"https:\/\/www.sport4club.be\/index.php\/wp-json\/wp\/v2\/media\/100621"}],"wp:attachment":[{"href":"https:\/\/www.sport4club.be\/index.php\/wp-json\/wp\/v2\/media?parent=100511"}],"wp:term":[{"taxonomy":"product_cat","embeddable":true,"href":"https:\/\/www.sport4club.be\/index.php\/wp-json\/wp\/v2\/product_cat?post=100511"},{"taxonomy":"product_tag","embeddable":true,"href":"https:\/\/www.sport4club.be\/index.php\/wp-json\/wp\/v2\/product_tag?post=100511"}],"curies":[{"name":"wp","href":"https:\/\/api.w.org\/{rel}","templated":true}]}}