{"id":100502,"date":"2020-04-30T11:42:49","date_gmt":"2020-04-30T09:42:49","guid":{"rendered":"https:\/\/www.sport4club.be\/?post_type=product&#038;p=100502"},"modified":"2023-08-29T08:45:20","modified_gmt":"2023-08-29T06:45:20","slug":"masque-de-protection-type-1-carton-2000-pieces","status":"publish","type":"product","link":"https:\/\/www.sport4club.be\/index.php\/product\/masque-de-protection-type-1-carton-2000-pieces\/","title":{"rendered":"Masque de Protection Type 1 (Carton 2000 pi\u00e8ces)"},"content":{"rendered":"<p>Masque \u00e0 usage m\u00e9dical Type 1<br \/>\nConforme \u00e0 la norme EN14683:2019<br \/>\nEfficacit\u00e9 de filtration bact\u00e9rienne (EFB)&gt;95%<\/p>\n<p>Carton de 2000 masques<\/p>\n<p>&nbsp;<\/p>\n","protected":false},"excerpt":{"rendered":"<p>Masque \u00e0 usage m\u00e9dical Type 1 Conforme \u00e0 la norme EN14683:2019 Efficacit\u00e9 de filtration bact\u00e9rienne (EFB)&gt;95% Carton de 2000 masques &nbsp;<\/p>\n","protected":false},"featured_media":100499,"comment_status":"open","ping_status":"closed","template":"","meta":[],"product_cat":[507],"product_tag":[],"_links":{"self":[{"href":"https:\/\/www.sport4club.be\/index.php\/wp-json\/wp\/v2\/product\/100502"}],"collection":[{"href":"https:\/\/www.sport4club.be\/index.php\/wp-json\/wp\/v2\/product"}],"about":[{"href":"https:\/\/www.sport4club.be\/index.php\/wp-json\/wp\/v2\/types\/product"}],"replies":[{"embeddable":true,"href":"https:\/\/www.sport4club.be\/index.php\/wp-json\/wp\/v2\/comments?post=100502"}],"wp:featuredmedia":[{"embeddable":true,"href":"https:\/\/www.sport4club.be\/index.php\/wp-json\/wp\/v2\/media\/100499"}],"wp:attachment":[{"href":"https:\/\/www.sport4club.be\/index.php\/wp-json\/wp\/v2\/media?parent=100502"}],"wp:term":[{"taxonomy":"product_cat","embeddable":true,"href":"https:\/\/www.sport4club.be\/index.php\/wp-json\/wp\/v2\/product_cat?post=100502"},{"taxonomy":"product_tag","embeddable":true,"href":"https:\/\/www.sport4club.be\/index.php\/wp-json\/wp\/v2\/product_tag?post=100502"}],"curies":[{"name":"wp","href":"https:\/\/api.w.org\/{rel}","templated":true}]}}