{"id":100489,"date":"2020-04-30T10:35:37","date_gmt":"2020-04-30T08:35:37","guid":{"rendered":"https:\/\/www.sport4club.be\/?post_type=product&#038;p=100489"},"modified":"2026-02-26T06:34:48","modified_gmt":"2026-02-26T05:34:48","slug":"gel-hydroalcoolique-flacon-1l-avec-pompe","status":"publish","type":"product","link":"https:\/\/www.sport4club.be\/index.php\/product\/gel-hydroalcoolique-flacon-1l-avec-pompe\/","title":{"rendered":"Gel Hydroalcoolique (Flacon 1L avec Pompe)"},"content":{"rendered":"<p>Contenance 1L.<\/p>\n<p>Lot de 6. Livr\u00e9 avec 2 pompes pour 6 bidons.<\/p>\n<p>D\u00e9sinfection des mains par friction.<\/p>\n<p>Non parfum\u00e9 et sans colorant.<\/p>\n<p>Ne n\u00e9cessite ni rin\u00e7age, ni s\u00e9chage des mains.<\/p>\n<p>Conforme aux normes EN 13727, EN 1500, EN 12791, EN 13624, EN 14348 et EN 14476. TVA 5,5%. Prix de revente maximal HT : 75\u20ac le lot de 6.<\/p>\n","protected":false},"excerpt":{"rendered":"<p>Contenance 1L. Lot de 6. Livr\u00e9 avec 2 pompes pour 6 bidons. D\u00e9sinfection des mains par friction. Non parfum\u00e9 et sans colorant. Ne n\u00e9cessite ni rin\u00e7age, ni s\u00e9chage des mains. Conforme aux normes EN 13727, EN 1500, EN 12791, EN 13624, EN 14348 et EN 14476. TVA 5,5%. Prix de revente maximal HT : 75\u20ac [&hellip;]<\/p>\n","protected":false},"featured_media":100494,"comment_status":"open","ping_status":"closed","template":"","meta":[],"product_cat":[506,786],"product_tag":[],"_links":{"self":[{"href":"https:\/\/www.sport4club.be\/index.php\/wp-json\/wp\/v2\/product\/100489"}],"collection":[{"href":"https:\/\/www.sport4club.be\/index.php\/wp-json\/wp\/v2\/product"}],"about":[{"href":"https:\/\/www.sport4club.be\/index.php\/wp-json\/wp\/v2\/types\/product"}],"replies":[{"embeddable":true,"href":"https:\/\/www.sport4club.be\/index.php\/wp-json\/wp\/v2\/comments?post=100489"}],"wp:featuredmedia":[{"embeddable":true,"href":"https:\/\/www.sport4club.be\/index.php\/wp-json\/wp\/v2\/media\/100494"}],"wp:attachment":[{"href":"https:\/\/www.sport4club.be\/index.php\/wp-json\/wp\/v2\/media?parent=100489"}],"wp:term":[{"taxonomy":"product_cat","embeddable":true,"href":"https:\/\/www.sport4club.be\/index.php\/wp-json\/wp\/v2\/product_cat?post=100489"},{"taxonomy":"product_tag","embeddable":true,"href":"https:\/\/www.sport4club.be\/index.php\/wp-json\/wp\/v2\/product_tag?post=100489"}],"curies":[{"name":"wp","href":"https:\/\/api.w.org\/{rel}","templated":true}]}}