{"id":100299,"date":"2020-04-26T17:41:30","date_gmt":"2020-04-26T15:41:30","guid":{"rendered":"https:\/\/www.sport4club.be\/?post_type=product&#038;p=100299"},"modified":"2023-02-17T11:26:30","modified_gmt":"2023-02-17T10:26:30","slug":"babolat-prime-power-cordee","status":"publish","type":"product","link":"https:\/\/www.sport4club.be\/index.php\/product\/babolat-prime-power-cordee\/","title":{"rendered":"Babolat Prime Power Cord\u00e9e"},"content":{"rendered":"<p>La nouvelle raquette de badminton Babolat Prime Power est le mod\u00e8le tr\u00e8s souple de la gamme Prime. S&#8217;ajoute \u00e0 cela un \u00e9quilibre neutre qui va apporter de la polyvalence tout en conservant un effet de puissance gr\u00e2ce \u00e0 sa grande flexibilit\u00e9.<\/p>\n<p>Son poids de 86 grs en font une raquette assez maniable et stable pour le jeu au filet.<\/p>\n<p>Son plan de cordage 20&#215;21 au lieu du traditionnel 22&#215;23 augmente l&#8217;accroche et permet une meilleure prise d&#8217;effet.<\/p>\n<p>La Prime Power est dot\u00e9e de la technologie Shot Optimizer qui lui conf\u00e8re une r\u00e9sistance aux chocs accrue.<\/p>\n<p>La nouvelle raquette de badminton Babolat Prime Power fait partie de la gamme Prime qui offre une raquette 1er prix en 100% High Modulus graphite.<\/p>\n","protected":false},"excerpt":{"rendered":"<p>La nouvelle raquette de badminton Babolat Prime Power est le mod\u00e8le tr\u00e8s souple de la gamme Prime. S&#8217;ajoute \u00e0 cela un \u00e9quilibre neutre qui va apporter de la polyvalence tout en conservant un effet de puissance gr\u00e2ce \u00e0 sa grande flexibilit\u00e9. Son poids de 86 grs en font une raquette assez maniable et stable pour [&hellip;]<\/p>\n","protected":false},"featured_media":100300,"comment_status":"open","ping_status":"closed","template":"","meta":[],"product_cat":[718],"product_tag":[],"_links":{"self":[{"href":"https:\/\/www.sport4club.be\/index.php\/wp-json\/wp\/v2\/product\/100299"}],"collection":[{"href":"https:\/\/www.sport4club.be\/index.php\/wp-json\/wp\/v2\/product"}],"about":[{"href":"https:\/\/www.sport4club.be\/index.php\/wp-json\/wp\/v2\/types\/product"}],"replies":[{"embeddable":true,"href":"https:\/\/www.sport4club.be\/index.php\/wp-json\/wp\/v2\/comments?post=100299"}],"wp:featuredmedia":[{"embeddable":true,"href":"https:\/\/www.sport4club.be\/index.php\/wp-json\/wp\/v2\/media\/100300"}],"wp:attachment":[{"href":"https:\/\/www.sport4club.be\/index.php\/wp-json\/wp\/v2\/media?parent=100299"}],"wp:term":[{"taxonomy":"product_cat","embeddable":true,"href":"https:\/\/www.sport4club.be\/index.php\/wp-json\/wp\/v2\/product_cat?post=100299"},{"taxonomy":"product_tag","embeddable":true,"href":"https:\/\/www.sport4club.be\/index.php\/wp-json\/wp\/v2\/product_tag?post=100299"}],"curies":[{"name":"wp","href":"https:\/\/api.w.org\/{rel}","templated":true}]}}