{"id":100297,"date":"2020-04-26T17:35:52","date_gmt":"2020-04-26T15:35:52","guid":{"rendered":"https:\/\/www.sport4club.be\/?post_type=product&#038;p=100297"},"modified":"2023-02-17T11:26:09","modified_gmt":"2023-02-17T10:26:09","slug":"babolat-prime-blast-cordee","status":"publish","type":"product","link":"https:\/\/www.sport4club.be\/index.php\/product\/babolat-prime-blast-cordee\/","title":{"rendered":"Babolat Prime Blast Cord\u00e9e"},"content":{"rendered":"<p>La nouvelle raquette de badminton Babolat Prime Blast est le mod\u00e8le tr\u00e8s souple de la gamme Prime. S&#8217;ajoute \u00e0 cela un \u00e9quilibre en t\u00eate qui va apporter beaucoup de puissance, id\u00e9ale pour les smasheurs et les attaquants.<\/p>\n<p>Son poids de 83 grs en font une raquette assez maniable pour le jeu au filet.<\/p>\n<p>Son plan de cordage 20&#215;21 au lieu du traditionnel 22&#215;23 augmente l&#8217;accroche et permet une meilleure prise d&#8217;effet.<\/p>\n<p>La Prime Blast est dot\u00e9e de la technologie Shot Optimizer qui lui conf\u00e8re une r\u00e9sistance aux chocs accrue.<\/p>\n<p>La nouvelle raquette de badminton Babolat Prime Blast fait partie de la gamme Prime qui offre une raquette 1er prix en 100% High Modulus graphite.<\/p>\n","protected":false},"excerpt":{"rendered":"<p>La nouvelle raquette de badminton Babolat Prime Blast est le mod\u00e8le tr\u00e8s souple de la gamme Prime. S&#8217;ajoute \u00e0 cela un \u00e9quilibre en t\u00eate qui va apporter beaucoup de puissance, id\u00e9ale pour les smasheurs et les attaquants. Son poids de 83 grs en font une raquette assez maniable pour le jeu au filet. Son plan [&hellip;]<\/p>\n","protected":false},"featured_media":100298,"comment_status":"open","ping_status":"closed","template":"","meta":[],"product_cat":[718],"product_tag":[],"_links":{"self":[{"href":"https:\/\/www.sport4club.be\/index.php\/wp-json\/wp\/v2\/product\/100297"}],"collection":[{"href":"https:\/\/www.sport4club.be\/index.php\/wp-json\/wp\/v2\/product"}],"about":[{"href":"https:\/\/www.sport4club.be\/index.php\/wp-json\/wp\/v2\/types\/product"}],"replies":[{"embeddable":true,"href":"https:\/\/www.sport4club.be\/index.php\/wp-json\/wp\/v2\/comments?post=100297"}],"wp:featuredmedia":[{"embeddable":true,"href":"https:\/\/www.sport4club.be\/index.php\/wp-json\/wp\/v2\/media\/100298"}],"wp:attachment":[{"href":"https:\/\/www.sport4club.be\/index.php\/wp-json\/wp\/v2\/media?parent=100297"}],"wp:term":[{"taxonomy":"product_cat","embeddable":true,"href":"https:\/\/www.sport4club.be\/index.php\/wp-json\/wp\/v2\/product_cat?post=100297"},{"taxonomy":"product_tag","embeddable":true,"href":"https:\/\/www.sport4club.be\/index.php\/wp-json\/wp\/v2\/product_tag?post=100297"}],"curies":[{"name":"wp","href":"https:\/\/api.w.org\/{rel}","templated":true}]}}