{"id":100295,"date":"2020-04-26T17:30:51","date_gmt":"2020-04-26T15:30:51","guid":{"rendered":"https:\/\/www.sport4club.be\/?post_type=product&#038;p=100295"},"modified":"2023-02-14T08:25:19","modified_gmt":"2023-02-14T07:25:19","slug":"babolat-i-pulse-lite-cordee","status":"publish","type":"product","link":"https:\/\/www.sport4club.be\/index.php\/product\/babolat-i-pulse-lite-cordee\/","title":{"rendered":"Babolat I-Pulse Lite Cord\u00e9e"},"content":{"rendered":"<p>La nouvelle raquette de badminton Babolat I-Pulse Lite offre le bon \u00e9quilibre entre contr\u00f4le et acc\u00e9l\u00e9ration de la vitesse de frappe&#8230;<\/p>\n<p>Le mod\u00e8le maniable avec un poids en manche de la nouvelle gamme I-PULSE pour avoir une grande facilit\u00e9 d&#8217;utilisation et un bon confort de jeu. En plus de cela, le rapport qualit\u00e9 &#8211; prix tr\u00e8s bon.<\/p>\n<p>Une raquette particuli\u00e8rement bien pens\u00e9e pour les joueurs recherchant du contr\u00f4le dans leurs attaques et une bonne maniabilit\u00e9.<\/p>\n<p>Niveau technologie :<\/p>\n<p>&#8211; Ultra Aero Frame : six variations de sections au niveau du cadre de la raquette et un angle \u00e9volutif pour garantir un \u00e9quilibre parfait entre rigidit\u00e9, r\u00e9sistance en t\u00eate et a\u00e9rodynamisme.<\/p>\n<p>&#8211; Optimum Kick Point : en positionnant de mani\u00e8re optimale le point de flexion du shaft, la raquette plie et acc\u00e9l\u00e8re rapidement de fa\u00e7on rectiligne au moment de la frappe pour offrir une plus grande pr\u00e9cision sans vibrations parasites.<\/p>\n","protected":false},"excerpt":{"rendered":"<p>La nouvelle raquette de badminton Babolat I-Pulse Lite offre le bon \u00e9quilibre entre contr\u00f4le et acc\u00e9l\u00e9ration de la vitesse de frappe&#8230; Le mod\u00e8le maniable avec un poids en manche de la nouvelle gamme I-PULSE pour avoir une grande facilit\u00e9 d&#8217;utilisation et un bon confort de jeu. En plus de cela, le rapport qualit\u00e9 &#8211; prix [&hellip;]<\/p>\n","protected":false},"featured_media":100296,"comment_status":"open","ping_status":"closed","template":"","meta":[],"product_cat":[718],"product_tag":[],"_links":{"self":[{"href":"https:\/\/www.sport4club.be\/index.php\/wp-json\/wp\/v2\/product\/100295"}],"collection":[{"href":"https:\/\/www.sport4club.be\/index.php\/wp-json\/wp\/v2\/product"}],"about":[{"href":"https:\/\/www.sport4club.be\/index.php\/wp-json\/wp\/v2\/types\/product"}],"replies":[{"embeddable":true,"href":"https:\/\/www.sport4club.be\/index.php\/wp-json\/wp\/v2\/comments?post=100295"}],"wp:featuredmedia":[{"embeddable":true,"href":"https:\/\/www.sport4club.be\/index.php\/wp-json\/wp\/v2\/media\/100296"}],"wp:attachment":[{"href":"https:\/\/www.sport4club.be\/index.php\/wp-json\/wp\/v2\/media?parent=100295"}],"wp:term":[{"taxonomy":"product_cat","embeddable":true,"href":"https:\/\/www.sport4club.be\/index.php\/wp-json\/wp\/v2\/product_cat?post=100295"},{"taxonomy":"product_tag","embeddable":true,"href":"https:\/\/www.sport4club.be\/index.php\/wp-json\/wp\/v2\/product_tag?post=100295"}],"curies":[{"name":"wp","href":"https:\/\/api.w.org\/{rel}","templated":true}]}}