{"id":100292,"date":"2020-04-26T17:26:07","date_gmt":"2020-04-26T15:26:07","guid":{"rendered":"https:\/\/www.sport4club.be\/?post_type=product&#038;p=100292"},"modified":"2023-02-14T08:24:55","modified_gmt":"2023-02-14T07:24:55","slug":"babolat-i-pulse-essential-cordee","status":"publish","type":"product","link":"https:\/\/www.sport4club.be\/index.php\/product\/babolat-i-pulse-essential-cordee\/","title":{"rendered":"Babolat I-Pulse Essential Cord\u00e9e"},"content":{"rendered":"<p>Avec un design moderne et une construction 100% Graphite, cette raquette facile \u00e0 jouer offre polyvalence et puissance.<br \/>\nL&#8217;\u00e9nergie remonte du shaft jusqu&#8217;au cadre et lib\u00e8re la puissance du mouvement \u00e0 l&#8217;impact.<br \/>\nLa I-PULSE ESSENTIAL est la raquette id\u00e9ale pour des joueurs polyvalents de niveau interm\u00e9daire, cherchant n\u00e9anmoins \u00e0 acqu\u00e9rir plus de vitesse de bras.<\/p>\n","protected":false},"excerpt":{"rendered":"<p>Avec un design moderne et une construction 100% Graphite, cette raquette facile \u00e0 jouer offre polyvalence et puissance. L&#8217;\u00e9nergie remonte du shaft jusqu&#8217;au cadre et lib\u00e8re la puissance du mouvement \u00e0 l&#8217;impact. La I-PULSE ESSENTIAL est la raquette id\u00e9ale pour des joueurs polyvalents de niveau interm\u00e9daire, cherchant n\u00e9anmoins \u00e0 acqu\u00e9rir plus de vitesse de bras.<\/p>\n","protected":false},"featured_media":100293,"comment_status":"open","ping_status":"closed","template":"","meta":[],"product_cat":[718],"product_tag":[],"_links":{"self":[{"href":"https:\/\/www.sport4club.be\/index.php\/wp-json\/wp\/v2\/product\/100292"}],"collection":[{"href":"https:\/\/www.sport4club.be\/index.php\/wp-json\/wp\/v2\/product"}],"about":[{"href":"https:\/\/www.sport4club.be\/index.php\/wp-json\/wp\/v2\/types\/product"}],"replies":[{"embeddable":true,"href":"https:\/\/www.sport4club.be\/index.php\/wp-json\/wp\/v2\/comments?post=100292"}],"wp:featuredmedia":[{"embeddable":true,"href":"https:\/\/www.sport4club.be\/index.php\/wp-json\/wp\/v2\/media\/100293"}],"wp:attachment":[{"href":"https:\/\/www.sport4club.be\/index.php\/wp-json\/wp\/v2\/media?parent=100292"}],"wp:term":[{"taxonomy":"product_cat","embeddable":true,"href":"https:\/\/www.sport4club.be\/index.php\/wp-json\/wp\/v2\/product_cat?post=100292"},{"taxonomy":"product_tag","embeddable":true,"href":"https:\/\/www.sport4club.be\/index.php\/wp-json\/wp\/v2\/product_tag?post=100292"}],"curies":[{"name":"wp","href":"https:\/\/api.w.org\/{rel}","templated":true}]}}