{"id":100287,"date":"2020-04-26T17:15:30","date_gmt":"2020-04-26T15:15:30","guid":{"rendered":"https:\/\/www.sport4club.be\/?post_type=product&#038;p=100287"},"modified":"2023-02-19T09:55:56","modified_gmt":"2023-02-19T08:55:56","slug":"babolat-i-pulse-blast-cordee","status":"publish","type":"product","link":"https:\/\/www.sport4club.be\/index.php\/product\/babolat-i-pulse-blast-cordee\/","title":{"rendered":"Babolat i-pulse Blast cord\u00e9e"},"content":{"rendered":"<p>La nouvelle raquette de badminton Babolat I-Pulse Blast fait partie de la gamme de raquettes I-pulse, une gamme pour joueurs d\u00e9butant la comp\u00e9tition alliant concentr\u00e9 de vitesse, contr\u00f4le et pr\u00e9cision.<\/p>\n<p>Ces atouts sont d\u00e9livr\u00e9s par deux process utilis\u00e9s dans la fabrication des raquettes de badminton I-pulse :<\/p>\n<p>&#8211; Ultra Aero Frame : six variations de sections au niveau du cadre de la raquette et un angle \u00e9volutif pour garantir un \u00e9quilibre parfait entre rigidit\u00e9, r\u00e9sistance en t\u00eate et a\u00e9rodynamisme.<\/p>\n<p>&#8211; Optimum Kick Point : en positionnant de mani\u00e8re optimale le point de flexion du shaft, la raquette plie et acc\u00e9l\u00e8re rapidement de fa\u00e7on rectiligne au moment de la frappe pour offrir une plus grande pr\u00e9cision sans vibrations parasites.<\/p>\n<p>Avec une tige tr\u00e8s flexible, un \u00e9quilibre en t\u00eate et un poids de 85g (3U), la raquette de badminton I-Pulse Blast vous fournit une puissance d\u00e9cupl\u00e9;e et optimale, aussi bien dans les d\u00e9gagements de fond de court que sur les attaques. Elle convient aux joueurs attaquant d\u00e9marrant la comp\u00e9tition (d\u00e9butants et interm\u00e9diaires) et recherchant une aide importante en terme de puissance.<\/p>\n<p>La raquette de badminton Babolat est livr\u00e9e avec une housse compl\u00e8te Babolat pour la protection et le transport.<\/p>\n","protected":false},"excerpt":{"rendered":"<p>La nouvelle raquette de badminton Babolat I-Pulse Blast fait partie de la gamme de raquettes I-pulse, une gamme pour joueurs d\u00e9butant la comp\u00e9tition alliant concentr\u00e9 de vitesse, contr\u00f4le et pr\u00e9cision. Ces atouts sont d\u00e9livr\u00e9s par deux process utilis\u00e9s dans la fabrication des raquettes de badminton I-pulse : &#8211; Ultra Aero Frame : six variations de [&hellip;]<\/p>\n","protected":false},"featured_media":100288,"comment_status":"open","ping_status":"closed","template":"","meta":[],"product_cat":[718],"product_tag":[],"_links":{"self":[{"href":"https:\/\/www.sport4club.be\/index.php\/wp-json\/wp\/v2\/product\/100287"}],"collection":[{"href":"https:\/\/www.sport4club.be\/index.php\/wp-json\/wp\/v2\/product"}],"about":[{"href":"https:\/\/www.sport4club.be\/index.php\/wp-json\/wp\/v2\/types\/product"}],"replies":[{"embeddable":true,"href":"https:\/\/www.sport4club.be\/index.php\/wp-json\/wp\/v2\/comments?post=100287"}],"wp:featuredmedia":[{"embeddable":true,"href":"https:\/\/www.sport4club.be\/index.php\/wp-json\/wp\/v2\/media\/100288"}],"wp:attachment":[{"href":"https:\/\/www.sport4club.be\/index.php\/wp-json\/wp\/v2\/media?parent=100287"}],"wp:term":[{"taxonomy":"product_cat","embeddable":true,"href":"https:\/\/www.sport4club.be\/index.php\/wp-json\/wp\/v2\/product_cat?post=100287"},{"taxonomy":"product_tag","embeddable":true,"href":"https:\/\/www.sport4club.be\/index.php\/wp-json\/wp\/v2\/product_tag?post=100287"}],"curies":[{"name":"wp","href":"https:\/\/api.w.org\/{rel}","templated":true}]}}