{"id":100274,"date":"2020-04-26T14:10:53","date_gmt":"2020-04-26T12:10:53","guid":{"rendered":"https:\/\/www.sport4club.be\/?post_type=product&#038;p=100274"},"modified":"2023-02-18T10:05:03","modified_gmt":"2023-02-18T09:05:03","slug":"babolat-x-feel-origin-power-cordee","status":"publish","type":"product","link":"https:\/\/www.sport4club.be\/index.php\/product\/babolat-x-feel-origin-power-cordee\/","title":{"rendered":"Babolat X-Feel Origin Power Cord\u00e9e"},"content":{"rendered":"<p>La nouvelle raquette de badminton Babolat X-Feel Origin Power est un mod\u00e8le rigide de la gamme pour les attaquants qui veulent une raquette tr\u00e8s nerveuse mais quand m\u00eame abordable au niveau jeu (m\u00eame si des bases techniques tr\u00e8s correctes sont n\u00e9cessaires). Une vraie bombe de puissance, de pr\u00e9cision et de nervosit\u00e9\/r\u00e9activit\u00e9.<\/p>\n<p>Avec la gamme X-Feel Origin, Babolat ressort les premi\u00e8res X-feel d&#8217;il y a quelques ann\u00e9es dans cette gamme &#8220;ORIGIN&#8221;. Les fans des mod\u00e8les pr\u00e9c\u00e9dents appr\u00e9cieront et le prix est en plus hyper attractif.<\/p>\n<p>Un pur bijou de technologies : X-Feel &#8211; Carbon XTrem &#8211; Pilot System &#8211; Shaft 6.8<\/p>\n<p>&#8211; Hot-Melt Graphite.<\/p>\n<p>Carbon XTrem : Cadre plus rigide avec peu de d\u00e9formation pour plus de sensations. Cela stabilise les frappes avec plus de touch\u00e9 et de puissance et moins de vibrations.<\/p>\n<p>Le shaft \u00d8 6.8 : Un shaft plus fin pour une p\u00e9n\u00e9tration optimale dans l\u2019air. Procure plus d&#8217;aerodynamisme et plus de d\u00e9gag\u00e9.<\/p>\n","protected":false},"excerpt":{"rendered":"<p>La nouvelle raquette de badminton Babolat X-Feel Origin Power est un mod\u00e8le rigide de la gamme pour les attaquants qui veulent une raquette tr\u00e8s nerveuse mais quand m\u00eame abordable au niveau jeu (m\u00eame si des bases techniques tr\u00e8s correctes sont n\u00e9cessaires). Une vraie bombe de puissance, de pr\u00e9cision et de nervosit\u00e9\/r\u00e9activit\u00e9. Avec la gamme X-Feel [&hellip;]<\/p>\n","protected":false},"featured_media":100275,"comment_status":"open","ping_status":"closed","template":"","meta":[],"product_cat":[718],"product_tag":[],"_links":{"self":[{"href":"https:\/\/www.sport4club.be\/index.php\/wp-json\/wp\/v2\/product\/100274"}],"collection":[{"href":"https:\/\/www.sport4club.be\/index.php\/wp-json\/wp\/v2\/product"}],"about":[{"href":"https:\/\/www.sport4club.be\/index.php\/wp-json\/wp\/v2\/types\/product"}],"replies":[{"embeddable":true,"href":"https:\/\/www.sport4club.be\/index.php\/wp-json\/wp\/v2\/comments?post=100274"}],"wp:featuredmedia":[{"embeddable":true,"href":"https:\/\/www.sport4club.be\/index.php\/wp-json\/wp\/v2\/media\/100275"}],"wp:attachment":[{"href":"https:\/\/www.sport4club.be\/index.php\/wp-json\/wp\/v2\/media?parent=100274"}],"wp:term":[{"taxonomy":"product_cat","embeddable":true,"href":"https:\/\/www.sport4club.be\/index.php\/wp-json\/wp\/v2\/product_cat?post=100274"},{"taxonomy":"product_tag","embeddable":true,"href":"https:\/\/www.sport4club.be\/index.php\/wp-json\/wp\/v2\/product_tag?post=100274"}],"curies":[{"name":"wp","href":"https:\/\/api.w.org\/{rel}","templated":true}]}}