{"id":100270,"date":"2020-04-26T13:56:36","date_gmt":"2020-04-26T11:56:36","guid":{"rendered":"https:\/\/www.sport4club.be\/?post_type=product&#038;p=100270"},"modified":"2023-02-18T09:58:49","modified_gmt":"2023-02-18T08:58:49","slug":"babolat-satelite-gravity-74-cordee","status":"publish","type":"product","link":"https:\/\/www.sport4club.be\/index.php\/product\/babolat-satelite-gravity-74-cordee\/","title":{"rendered":"Babolat Satelite Gravity 74 Cord\u00e9e"},"content":{"rendered":"<p>La nouvelle raquette de badminton Babolat Satelite Gravity 74 est la plus l\u00e9g\u00e8re de la marque avec ses 74g ! Le SlimT et l&#8217;ultra-l\u00e9g\u00e8ret\u00e9 conf\u00e8rent \u00e0 la Gravity 74 une maniabilit\u00e9 extr\u00eame, combin\u00e9e \u00e0 une pr\u00e9cision am\u00e9lior\u00e9e par l&#8217;insert de renforts en fibre de carbone dans la t\u00eate de raquette.<\/p>\n<p>Id\u00e9ale pour contr\u00f4ler le jeu rapide mi-court et am\u00e9liorer sa r\u00e9activit\u00e9, la gravity 74 est faite pour les joueurs cherchant une raquette l\u00e9g\u00e8re, maniable, rapide et pr\u00e9cise avec un jeu d\u00e9fensif.<\/p>\n<p>Cadre sp\u00e9cial fin, a\u00e9rodynamique et r\u00e9sistant renforc\u00e9 en fibres de carbone haute densit\u00e9 au niveau de la t\u00eate, apportant une meilleure pr\u00e9cision.<\/p>\n","protected":false},"excerpt":{"rendered":"<p>La nouvelle raquette de badminton Babolat Satelite Gravity 74 est la plus l\u00e9g\u00e8re de la marque avec ses 74g ! Le SlimT et l&#8217;ultra-l\u00e9g\u00e8ret\u00e9 conf\u00e8rent \u00e0 la Gravity 74 une maniabilit\u00e9 extr\u00eame, combin\u00e9e \u00e0 une pr\u00e9cision am\u00e9lior\u00e9e par l&#8217;insert de renforts en fibre de carbone dans la t\u00eate de raquette. Id\u00e9ale pour contr\u00f4ler le jeu [&hellip;]<\/p>\n","protected":false},"featured_media":100271,"comment_status":"open","ping_status":"closed","template":"","meta":[],"product_cat":[718],"product_tag":[],"_links":{"self":[{"href":"https:\/\/www.sport4club.be\/index.php\/wp-json\/wp\/v2\/product\/100270"}],"collection":[{"href":"https:\/\/www.sport4club.be\/index.php\/wp-json\/wp\/v2\/product"}],"about":[{"href":"https:\/\/www.sport4club.be\/index.php\/wp-json\/wp\/v2\/types\/product"}],"replies":[{"embeddable":true,"href":"https:\/\/www.sport4club.be\/index.php\/wp-json\/wp\/v2\/comments?post=100270"}],"wp:featuredmedia":[{"embeddable":true,"href":"https:\/\/www.sport4club.be\/index.php\/wp-json\/wp\/v2\/media\/100271"}],"wp:attachment":[{"href":"https:\/\/www.sport4club.be\/index.php\/wp-json\/wp\/v2\/media?parent=100270"}],"wp:term":[{"taxonomy":"product_cat","embeddable":true,"href":"https:\/\/www.sport4club.be\/index.php\/wp-json\/wp\/v2\/product_cat?post=100270"},{"taxonomy":"product_tag","embeddable":true,"href":"https:\/\/www.sport4club.be\/index.php\/wp-json\/wp\/v2\/product_tag?post=100270"}],"curies":[{"name":"wp","href":"https:\/\/api.w.org\/{rel}","templated":true}]}}