{"id":100223,"date":"2020-04-25T17:10:09","date_gmt":"2020-04-25T15:10:09","guid":{"rendered":"https:\/\/www.sport4club.be\/?post_type=product&#038;p=100223"},"modified":"2023-02-17T11:27:14","modified_gmt":"2023-02-17T10:27:14","slug":"babolat-satellite-essential-cordee","status":"publish","type":"product","link":"https:\/\/www.sport4club.be\/index.php\/product\/babolat-satellite-essential-cordee\/","title":{"rendered":"Babolat Satelite Essential Cord\u00e9e"},"content":{"rendered":"<p>La technologie SLIM T brevet\u00e9e par BABOLAT offre une connection parfaite entre le cadre et le shaft, garantissant ainsi un a\u00e9rodynamisme exceptionnel : 11% de r\u00e9duction de la train\u00e9e au niveau du T-joint.<br \/>\nLa SATELLITE ESSENTIAL se destine \u00e0 des badistes confirm\u00e9s polyvants recherchant de la puissance.<br \/>\nC&#8217;est la raquette de KAZUSHI YAMADA.<\/p>\n","protected":false},"excerpt":{"rendered":"<p>La technologie SLIM T brevet\u00e9e par BABOLAT offre une connection parfaite entre le cadre et le shaft, garantissant ainsi un a\u00e9rodynamisme exceptionnel : 11% de r\u00e9duction de la train\u00e9e au niveau du T-joint. La SATELLITE ESSENTIAL se destine \u00e0 des badistes confirm\u00e9s polyvants recherchant de la puissance. C&#8217;est la raquette de KAZUSHI YAMADA.<\/p>\n","protected":false},"featured_media":100224,"comment_status":"open","ping_status":"closed","template":"","meta":[],"product_cat":[718],"product_tag":[],"_links":{"self":[{"href":"https:\/\/www.sport4club.be\/index.php\/wp-json\/wp\/v2\/product\/100223"}],"collection":[{"href":"https:\/\/www.sport4club.be\/index.php\/wp-json\/wp\/v2\/product"}],"about":[{"href":"https:\/\/www.sport4club.be\/index.php\/wp-json\/wp\/v2\/types\/product"}],"replies":[{"embeddable":true,"href":"https:\/\/www.sport4club.be\/index.php\/wp-json\/wp\/v2\/comments?post=100223"}],"wp:featuredmedia":[{"embeddable":true,"href":"https:\/\/www.sport4club.be\/index.php\/wp-json\/wp\/v2\/media\/100224"}],"wp:attachment":[{"href":"https:\/\/www.sport4club.be\/index.php\/wp-json\/wp\/v2\/media?parent=100223"}],"wp:term":[{"taxonomy":"product_cat","embeddable":true,"href":"https:\/\/www.sport4club.be\/index.php\/wp-json\/wp\/v2\/product_cat?post=100223"},{"taxonomy":"product_tag","embeddable":true,"href":"https:\/\/www.sport4club.be\/index.php\/wp-json\/wp\/v2\/product_tag?post=100223"}],"curies":[{"name":"wp","href":"https:\/\/api.w.org\/{rel}","templated":true}]}}