{"id":100120,"date":"2020-04-24T10:10:27","date_gmt":"2020-04-24T08:10:27","guid":{"rendered":"https:\/\/www.sport4club.be\/?post_type=product&#038;p=100120"},"modified":"2020-04-24T10:10:27","modified_gmt":"2020-04-24T08:10:27","slug":"ensemble-speedminton-speed-4400-2","status":"publish","type":"product","link":"https:\/\/www.sport4club.be\/index.php\/product\/ensemble-speedminton-speed-4400-2\/","title":{"rendered":"Ensemble Speedminton Speed 4400"},"content":{"rendered":"<p>Id\u00e9al pour la d\u00e9couverte du badminton. <\/p>\n<p>Ce set est compos\u00e9 de : 2 raquettes aluminium (54.5cm. \/ 165gr.) et de 3 volants (1 volant &#8220;STARTER&#8221; plus lent et 2 volants &#8220;RACER&#8221; plus rapides)<\/p>\n","protected":false},"excerpt":{"rendered":"<p>Id\u00e9al pour la d\u00e9couverte du badminton. Ce set est compos\u00e9 de : 2 raquettes aluminium (54.5cm. \/ 165gr.) et de 3 volants (1 volant &#8220;STARTER&#8221; plus lent et 2 volants &#8220;RACER&#8221; plus rapides)<\/p>\n","protected":false},"featured_media":100122,"comment_status":"open","ping_status":"closed","template":"","meta":[],"product_cat":[719],"product_tag":[],"_links":{"self":[{"href":"https:\/\/www.sport4club.be\/index.php\/wp-json\/wp\/v2\/product\/100120"}],"collection":[{"href":"https:\/\/www.sport4club.be\/index.php\/wp-json\/wp\/v2\/product"}],"about":[{"href":"https:\/\/www.sport4club.be\/index.php\/wp-json\/wp\/v2\/types\/product"}],"replies":[{"embeddable":true,"href":"https:\/\/www.sport4club.be\/index.php\/wp-json\/wp\/v2\/comments?post=100120"}],"wp:featuredmedia":[{"embeddable":true,"href":"https:\/\/www.sport4club.be\/index.php\/wp-json\/wp\/v2\/media\/100122"}],"wp:attachment":[{"href":"https:\/\/www.sport4club.be\/index.php\/wp-json\/wp\/v2\/media?parent=100120"}],"wp:term":[{"taxonomy":"product_cat","embeddable":true,"href":"https:\/\/www.sport4club.be\/index.php\/wp-json\/wp\/v2\/product_cat?post=100120"},{"taxonomy":"product_tag","embeddable":true,"href":"https:\/\/www.sport4club.be\/index.php\/wp-json\/wp\/v2\/product_tag?post=100120"}],"curies":[{"name":"wp","href":"https:\/\/api.w.org\/{rel}","templated":true}]}}