{"id":100070,"date":"2020-04-23T15:53:28","date_gmt":"2020-04-23T13:53:28","guid":{"rendered":"https:\/\/www.sport4club.be\/?post_type=product&#038;p=100070"},"modified":"2020-08-24T08:50:32","modified_gmt":"2020-08-24T06:50:32","slug":"kit-badminto-pliable","status":"publish","type":"product","link":"https:\/\/www.sport4club.be\/index.php\/product\/kit-badminto-pliable\/","title":{"rendered":"Kit Badminton Pliable"},"content":{"rendered":"<p>Tr\u00e8s stable gr\u00e2ce \u00e0 son large pi\u00e9tement et sa structure en tube acier de 19mm de diam\u00e8tre.<br \/>\nTr\u00e8s pratique et facile \u00e0 installer, ce kit sera mont\u00e9 et d\u00e9mont\u00e9 en 2 minutes.<br \/>\nLivr\u00e9 avec filet PE 2mm. et sac de transport.<\/p>\n","protected":false},"excerpt":{"rendered":"<p>Tr\u00e8s stable gr\u00e2ce \u00e0 son large pi\u00e9tement et sa structure en tube acier de 19mm de diam\u00e8tre. Tr\u00e8s pratique et facile \u00e0 installer, ce kit sera mont\u00e9 et d\u00e9mont\u00e9 en 2 minutes. Livr\u00e9 avec filet PE 2mm. et sac de transport.<\/p>\n","protected":false},"featured_media":100065,"comment_status":"open","ping_status":"closed","template":"","meta":[],"product_cat":[718,725],"product_tag":[],"_links":{"self":[{"href":"https:\/\/www.sport4club.be\/index.php\/wp-json\/wp\/v2\/product\/100070"}],"collection":[{"href":"https:\/\/www.sport4club.be\/index.php\/wp-json\/wp\/v2\/product"}],"about":[{"href":"https:\/\/www.sport4club.be\/index.php\/wp-json\/wp\/v2\/types\/product"}],"replies":[{"embeddable":true,"href":"https:\/\/www.sport4club.be\/index.php\/wp-json\/wp\/v2\/comments?post=100070"}],"wp:featuredmedia":[{"embeddable":true,"href":"https:\/\/www.sport4club.be\/index.php\/wp-json\/wp\/v2\/media\/100065"}],"wp:attachment":[{"href":"https:\/\/www.sport4club.be\/index.php\/wp-json\/wp\/v2\/media?parent=100070"}],"wp:term":[{"taxonomy":"product_cat","embeddable":true,"href":"https:\/\/www.sport4club.be\/index.php\/wp-json\/wp\/v2\/product_cat?post=100070"},{"taxonomy":"product_tag","embeddable":true,"href":"https:\/\/www.sport4club.be\/index.php\/wp-json\/wp\/v2\/product_tag?post=100070"}],"curies":[{"name":"wp","href":"https:\/\/api.w.org\/{rel}","templated":true}]}}